{"id":52,"date":"2024-06-28T21:29:29","date_gmt":"2024-06-28T21:29:29","guid":{"rendered":"https:\/\/flourish-hr.nl\/?page_id=52"},"modified":"2025-01-04T10:52:52","modified_gmt":"2025-01-04T10:52:52","slug":"over-ons","status":"publish","type":"page","link":"https:\/\/flourish-hr.nl\/index.php\/over-ons\/","title":{"rendered":"Over mij"},"content":{"rendered":"\n<div class=\"wp-block-columns are-vertically-aligned-center is-layout-flex wp-container-core-columns-is-layout-9d6595d7 wp-block-columns-is-layout-flex\">\n<div class=\"wp-block-column is-layout-flow wp-block-column-is-layout-flow\" style=\"flex-basis:50%\">\n<p>Hallo en welkom op mijn website!<\/p>\n\n\n\n<p>Ik ben Charissa en voordat ik vertel wat ik kan en waar ik goed in ben, wil ik allereerst vertellen dat ik moeder ben van 2 meisjes. Het is de meest mooie, intense, gevoelige en eervolle rol die ik mag vervullen. Moeder zijn zorgt voor een hele andere kijk op de wereld, maar ook naar mezelf. <br><br>Intern komen vastgeroeste gedragspatronen aan het licht, worden oude normen en waarden kritischer bekeken en worden er grote spiegels gehouden voor de blinde vlekken in je leven. Kortom, de meiden houden mij scherp op wie ik ben en wat belangrijk is in het leven.<\/p>\n<\/div>\n\n\n\n<div class=\"wp-block-column is-layout-flow wp-block-column-is-layout-flow\" style=\"flex-basis:50%\">\n<figure class=\"wp-block-image size-large is-resized\"><img loading=\"lazy\" decoding=\"async\" width=\"768\" height=\"1024\" src=\"https:\/\/flourish-hr.nl\/wp-content\/uploads\/2024\/11\/D3AFE61C-1543-4DD3-8CE5-63F8B18AD67C-768x1024.jpeg\" alt=\"\" class=\"wp-image-411\" style=\"width:344px;height:auto\" srcset=\"https:\/\/flourish-hr.nl\/wp-content\/uploads\/2024\/11\/D3AFE61C-1543-4DD3-8CE5-63F8B18AD67C-768x1024.jpeg 768w, https:\/\/flourish-hr.nl\/wp-content\/uploads\/2024\/11\/D3AFE61C-1543-4DD3-8CE5-63F8B18AD67C-225x300.jpeg 225w, https:\/\/flourish-hr.nl\/wp-content\/uploads\/2024\/11\/D3AFE61C-1543-4DD3-8CE5-63F8B18AD67C-1152x1536.jpeg 1152w, https:\/\/flourish-hr.nl\/wp-content\/uploads\/2024\/11\/D3AFE61C-1543-4DD3-8CE5-63F8B18AD67C-1536x2048.jpeg 1536w, https:\/\/flourish-hr.nl\/wp-content\/uploads\/2024\/11\/D3AFE61C-1543-4DD3-8CE5-63F8B18AD67C-scaled.jpeg 1920w\" sizes=\"auto, (max-width: 767px) 89vw, (max-width: 1000px) 54vw, (max-width: 1071px) 543px, 580px\" \/><\/figure>\n<\/div>\n<\/div>\n\n\n\n<p class=\"has-text-align-left\"><\/p>\n\n\n\n<p class=\"has-text-align-left\">Ik ben de drijvende kracht achter Flourish Yourself. Als gedreven professional met jarenlange ervaring in training, advies en coaching, help ik individuen en teams hun volledige potentieel te bereiken. Mijn passie voor persoonlijke groei, gedragsverandering en persoonlijke ontwikkeling is de kern van alles wat ik doe.<\/p>\n\n\n\n<hr class=\"wp-block-separator has-alpha-channel-opacity\"\/>\n\n\n\n<p><strong>Mijn Achtergrond<\/strong><br>De rode draad in mijn carri\u00e8re staat in het teken van gedragsverandering op de arbeidsmarkt en\/of in de maatschappij. Gedurende mijn loopbaan heb ik gewerkt met een diverse groepen cli\u00ebnten, van professionals die een carri\u00e8reswitch willen maken, tot cli\u00ebnten met een zeer grote afstand tot de arbeidsmarkt. Deze ervaring heb ik opgedaan in de profit sector, waarbij de setting net iets commerci\u00ebler was. Maar ook heb ik jarenlange ervaring in de Non-profit sector, waarbij de sfeer wat meer empathisch en coulanter is, afhankelijk per stad en dienst natuurlijk. Met bijna 20 jaar ervaring in de recruitment, loopbaanbegeleiding, training en advies, ben ik een doorgewinterde HR Professional.<\/p>\n\n\n\n<hr class=\"wp-block-separator has-alpha-channel-opacity\"\/>\n\n\n\n<p><strong>Mijn filosofie<\/strong><br>Ik geloof dat elke persoon uniek is en dat een standaard aanpak niet effectief is. Daarom bied ik op maat gemaakte trajecten aan die zijn afgestemd op de specifieke behoeften en doelen van mijn cli\u00ebnten. Helpen gaat veel verder dan puur doelen bereiken en\/of obstakels overwinnen. Het betekent dat nut en noodzaak wordt ingezien, om zo gedrag te veranderen en een andere denkwijze te verkrijgen. Zo een nieuwe manier van denken heeft dan ook uitwerking op andere leefgebieden.<\/p>\n\n\n\n<p class=\"has-text-align-center\">Ik voel mij trots op mijn cli\u00ebnten wanneer een doel verandert in een mindset, en een mindset weer verandert in a way of living.<\/p>\n\n\n\n<hr class=\"wp-block-separator has-alpha-channel-opacity\"\/>\n\n\n<div class=\"wp-block-image is-style-default\">\n<figure class=\"aligncenter size-large is-resized\"><img loading=\"lazy\" decoding=\"async\" width=\"768\" height=\"1024\" src=\"https:\/\/flourish-hr.nl\/wp-content\/uploads\/2024\/08\/Charissa-3-768x1024.jpeg\" alt=\"\" class=\"wp-image-286\" style=\"width:286px;height:auto\" srcset=\"https:\/\/flourish-hr.nl\/wp-content\/uploads\/2024\/08\/Charissa-3-768x1024.jpeg 768w, https:\/\/flourish-hr.nl\/wp-content\/uploads\/2024\/08\/Charissa-3-225x300.jpeg 225w, https:\/\/flourish-hr.nl\/wp-content\/uploads\/2024\/08\/Charissa-3-1152x1536.jpeg 1152w, https:\/\/flourish-hr.nl\/wp-content\/uploads\/2024\/08\/Charissa-3.jpeg 1200w\" sizes=\"auto, (max-width: 767px) 89vw, (max-width: 1000px) 54vw, (max-width: 1071px) 543px, 580px\" \/><\/figure>\n<\/div>\n\n\n<blockquote class=\"wp-block-quote is-layout-flow wp-block-quote-is-layout-flow\">\n<blockquote class=\"wp-block-quote is-layout-flow wp-block-quote-is-layout-flow\">\n<p class=\"has-text-align-center\">&#8220;until you make the unconscious conscious, it will direct your life and you will call it fate &#8220;<br>&#8211; Carl Jung &#8211;<\/p>\n<\/blockquote>\n<\/blockquote>\n","protected":false},"excerpt":{"rendered":"<p>Hallo en welkom op mijn website! Ik ben Charissa en voordat ik vertel wat ik kan en waar ik goed in ben, wil ik allereerst vertellen dat ik moeder ben van 2 meisjes. Het is de meest mooie, intense, gevoelige en eervolle rol die ik mag vervullen. Moeder zijn zorgt voor een hele andere kijk &hellip; <\/p>\n<p class=\"link-more\"><a href=\"https:\/\/flourish-hr.nl\/index.php\/over-ons\/\" class=\"more-link\">Lees verder <span class=\"screen-reader-text\">&#8220;Over mij&#8221;<\/span><\/a><\/p>\n","protected":false},"author":1,"featured_media":84,"parent":0,"menu_order":0,"comment_status":"closed","ping_status":"closed","template":"","meta":{"footnotes":""},"class_list":["post-52","page","type-page","status-publish","has-post-thumbnail","hentry"],"_links":{"self":[{"href":"https:\/\/flourish-hr.nl\/index.php\/wp-json\/wp\/v2\/pages\/52","targetHints":{"allow":["GET"]}}],"collection":[{"href":"https:\/\/flourish-hr.nl\/index.php\/wp-json\/wp\/v2\/pages"}],"about":[{"href":"https:\/\/flourish-hr.nl\/index.php\/wp-json\/wp\/v2\/types\/page"}],"author":[{"embeddable":true,"href":"https:\/\/flourish-hr.nl\/index.php\/wp-json\/wp\/v2\/users\/1"}],"replies":[{"embeddable":true,"href":"https:\/\/flourish-hr.nl\/index.php\/wp-json\/wp\/v2\/comments?post=52"}],"version-history":[{"count":16,"href":"https:\/\/flourish-hr.nl\/index.php\/wp-json\/wp\/v2\/pages\/52\/revisions"}],"predecessor-version":[{"id":462,"href":"https:\/\/flourish-hr.nl\/index.php\/wp-json\/wp\/v2\/pages\/52\/revisions\/462"}],"wp:featuredmedia":[{"embeddable":true,"href":"https:\/\/flourish-hr.nl\/index.php\/wp-json\/wp\/v2\/media\/84"}],"wp:attachment":[{"href":"https:\/\/flourish-hr.nl\/index.php\/wp-json\/wp\/v2\/media?parent=52"}],"curies":[{"name":"wp","href":"https:\/\/api.w.org\/{rel}","templated":true}]}}